{"id":9,"date":"2023-07-10T20:59:49","date_gmt":"2023-07-10T23:59:49","guid":{"rendered":"http:\/\/connectoway.com.br\/solar\/?page_id=9"},"modified":"2025-07-10T15:59:55","modified_gmt":"2025-07-10T18:59:55","slug":"connectoway-solar","status":"publish","type":"page","link":"https:\/\/connectoway.com.br\/solar\/","title":{"rendered":"Home"},"content":{"rendered":"","protected":false},"excerpt":{"rendered":"","protected":false},"author":1,"featured_media":0,"parent":0,"menu_order":1,"comment_status":"closed","ping_status":"closed","template":"","meta":{"inline_featured_image":false,"footnotes":""},"class_list":["post-9","page","type-page","status-publish","hentry"],"acf":[],"yoast_head":"<!-- This site is optimized with the Yoast SEO plugin v21.2 - https:\/\/yoast.com\/wordpress\/plugins\/seo\/ -->\n<title>Home - Connectoway Solar<\/title>\n<meta name=\"description\" content=\"A Connectoway Solar \u00e9 um distribuidor de produtos fotovoltaicos. Inversores, m\u00f3dulos, estruturas e acess\u00f3rios das melhores marcas do mercado.\" \/>\n<meta name=\"robots\" content=\"index, follow, max-snippet:-1, max-image-preview:large, max-video-preview:-1\" \/>\n<link rel=\"canonical\" href=\"https:\/\/connectoway.com.br\/solar\/\" \/>\n<meta property=\"og:locale\" content=\"pt_BR\" \/>\n<meta property=\"og:type\" content=\"article\" \/>\n<meta property=\"og:title\" content=\"Home - Connectoway Solar\" \/>\n<meta property=\"og:description\" content=\"A Connectoway Solar \u00e9 um distribuidor de produtos fotovoltaicos. Inversores, m\u00f3dulos, estruturas e acess\u00f3rios das melhores marcas do mercado.\" \/>\n<meta property=\"og:url\" content=\"https:\/\/connectoway.com.br\/solar\/\" \/>\n<meta property=\"og:site_name\" content=\"Connectoway Solar\" \/>\n<meta property=\"article:modified_time\" content=\"2025-07-10T18:59:55+00:00\" \/>\n<meta name=\"twitter:card\" content=\"summary_large_image\" \/>\n<script type=\"application\/ld+json\" class=\"yoast-schema-graph\">{\"@context\":\"https:\/\/schema.org\",\"@graph\":[{\"@type\":\"WebPage\",\"@id\":\"https:\/\/connectoway.com.br\/solar\/\",\"url\":\"https:\/\/connectoway.com.br\/solar\/\",\"name\":\"Home - Connectoway Solar\",\"isPartOf\":{\"@id\":\"https:\/\/connectoway.com.br\/solar\/#website\"},\"datePublished\":\"2023-07-10T23:59:49+00:00\",\"dateModified\":\"2025-07-10T18:59:55+00:00\",\"description\":\"A Connectoway Solar \u00e9 um distribuidor de produtos fotovoltaicos. Inversores, m\u00f3dulos, estruturas e acess\u00f3rios das melhores marcas do mercado.\",\"breadcrumb\":{\"@id\":\"https:\/\/connectoway.com.br\/solar\/#breadcrumb\"},\"inLanguage\":\"pt-BR\",\"potentialAction\":[{\"@type\":\"ReadAction\",\"target\":[\"https:\/\/connectoway.com.br\/solar\/\"]}]},{\"@type\":\"BreadcrumbList\",\"@id\":\"https:\/\/connectoway.com.br\/solar\/#breadcrumb\",\"itemListElement\":[{\"@type\":\"ListItem\",\"position\":1,\"name\":\"In\u00edcio\",\"item\":\"https:\/\/connectoway.com.br\/solar\/\"},{\"@type\":\"ListItem\",\"position\":2,\"name\":\"Home\"}]},{\"@type\":\"WebSite\",\"@id\":\"https:\/\/connectoway.com.br\/solar\/#website\",\"url\":\"https:\/\/connectoway.com.br\/solar\/\",\"name\":\"Connectoway Solar\",\"description\":\"\",\"publisher\":{\"@id\":\"https:\/\/connectoway.com.br\/solar\/#organization\"},\"potentialAction\":[{\"@type\":\"SearchAction\",\"target\":{\"@type\":\"EntryPoint\",\"urlTemplate\":\"https:\/\/connectoway.com.br\/solar\/?s={search_term_string}\"},\"query-input\":\"required name=search_term_string\"}],\"inLanguage\":\"pt-BR\"},{\"@type\":\"Organization\",\"@id\":\"https:\/\/connectoway.com.br\/solar\/#organization\",\"name\":\"Connectoway Solar\",\"url\":\"https:\/\/connectoway.com.br\/solar\/\",\"logo\":{\"@type\":\"ImageObject\",\"inLanguage\":\"pt-BR\",\"@id\":\"https:\/\/connectoway.com.br\/solar\/#\/schema\/logo\/image\/\",\"url\":\"https:\/\/connectoway.com.br\/solar\/wp-content\/uploads\/2023\/09\/connectoway_solar_vertical.png\",\"contentUrl\":\"https:\/\/connectoway.com.br\/solar\/wp-content\/uploads\/2023\/09\/connectoway_solar_vertical.png\",\"width\":1080,\"height\":1080,\"caption\":\"Connectoway Solar\"},\"image\":{\"@id\":\"https:\/\/connectoway.com.br\/solar\/#\/schema\/logo\/image\/\"},\"sameAs\":[\"https:\/\/www.instagram.com\/connectowaysolar\/\"]}]}<\/script>\n<!-- \/ Yoast SEO plugin. -->","yoast_head_json":{"title":"Home - Connectoway Solar","description":"A Connectoway Solar \u00e9 um distribuidor de produtos fotovoltaicos. Inversores, m\u00f3dulos, estruturas e acess\u00f3rios das melhores marcas do mercado.","robots":{"index":"index","follow":"follow","max-snippet":"max-snippet:-1","max-image-preview":"max-image-preview:large","max-video-preview":"max-video-preview:-1"},"canonical":"https:\/\/connectoway.com.br\/solar\/","og_locale":"pt_BR","og_type":"article","og_title":"Home - Connectoway Solar","og_description":"A Connectoway Solar \u00e9 um distribuidor de produtos fotovoltaicos. Inversores, m\u00f3dulos, estruturas e acess\u00f3rios das melhores marcas do mercado.","og_url":"https:\/\/connectoway.com.br\/solar\/","og_site_name":"Connectoway Solar","article_modified_time":"2025-07-10T18:59:55+00:00","twitter_card":"summary_large_image","schema":{"@context":"https:\/\/schema.org","@graph":[{"@type":"WebPage","@id":"https:\/\/connectoway.com.br\/solar\/","url":"https:\/\/connectoway.com.br\/solar\/","name":"Home - Connectoway Solar","isPartOf":{"@id":"https:\/\/connectoway.com.br\/solar\/#website"},"datePublished":"2023-07-10T23:59:49+00:00","dateModified":"2025-07-10T18:59:55+00:00","description":"A Connectoway Solar \u00e9 um distribuidor de produtos fotovoltaicos. Inversores, m\u00f3dulos, estruturas e acess\u00f3rios das melhores marcas do mercado.","breadcrumb":{"@id":"https:\/\/connectoway.com.br\/solar\/#breadcrumb"},"inLanguage":"pt-BR","potentialAction":[{"@type":"ReadAction","target":["https:\/\/connectoway.com.br\/solar\/"]}]},{"@type":"BreadcrumbList","@id":"https:\/\/connectoway.com.br\/solar\/#breadcrumb","itemListElement":[{"@type":"ListItem","position":1,"name":"In\u00edcio","item":"https:\/\/connectoway.com.br\/solar\/"},{"@type":"ListItem","position":2,"name":"Home"}]},{"@type":"WebSite","@id":"https:\/\/connectoway.com.br\/solar\/#website","url":"https:\/\/connectoway.com.br\/solar\/","name":"Connectoway Solar","description":"","publisher":{"@id":"https:\/\/connectoway.com.br\/solar\/#organization"},"potentialAction":[{"@type":"SearchAction","target":{"@type":"EntryPoint","urlTemplate":"https:\/\/connectoway.com.br\/solar\/?s={search_term_string}"},"query-input":"required name=search_term_string"}],"inLanguage":"pt-BR"},{"@type":"Organization","@id":"https:\/\/connectoway.com.br\/solar\/#organization","name":"Connectoway Solar","url":"https:\/\/connectoway.com.br\/solar\/","logo":{"@type":"ImageObject","inLanguage":"pt-BR","@id":"https:\/\/connectoway.com.br\/solar\/#\/schema\/logo\/image\/","url":"https:\/\/connectoway.com.br\/solar\/wp-content\/uploads\/2023\/09\/connectoway_solar_vertical.png","contentUrl":"https:\/\/connectoway.com.br\/solar\/wp-content\/uploads\/2023\/09\/connectoway_solar_vertical.png","width":1080,"height":1080,"caption":"Connectoway Solar"},"image":{"@id":"https:\/\/connectoway.com.br\/solar\/#\/schema\/logo\/image\/"},"sameAs":["https:\/\/www.instagram.com\/connectowaysolar\/"]}]}},"_links":{"self":[{"href":"https:\/\/connectoway.com.br\/solar\/wp-json\/wp\/v2\/pages\/9","targetHints":{"allow":["GET"]}}],"collection":[{"href":"https:\/\/connectoway.com.br\/solar\/wp-json\/wp\/v2\/pages"}],"about":[{"href":"https:\/\/connectoway.com.br\/solar\/wp-json\/wp\/v2\/types\/page"}],"author":[{"embeddable":true,"href":"https:\/\/connectoway.com.br\/solar\/wp-json\/wp\/v2\/users\/1"}],"replies":[{"embeddable":true,"href":"https:\/\/connectoway.com.br\/solar\/wp-json\/wp\/v2\/comments?post=9"}],"version-history":[{"count":34,"href":"https:\/\/connectoway.com.br\/solar\/wp-json\/wp\/v2\/pages\/9\/revisions"}],"predecessor-version":[{"id":407,"href":"https:\/\/connectoway.com.br\/solar\/wp-json\/wp\/v2\/pages\/9\/revisions\/407"}],"wp:attachment":[{"href":"https:\/\/connectoway.com.br\/solar\/wp-json\/wp\/v2\/media?parent=9"}],"curies":[{"name":"wp","href":"https:\/\/api.w.org\/{rel}","templated":true}]}}