{"id":30,"date":"2023-07-10T22:12:22","date_gmt":"2023-07-11T01:12:22","guid":{"rendered":"http:\/\/connectoway.com.br\/solar\/?page_id=30"},"modified":"2024-01-16T14:34:20","modified_gmt":"2024-01-16T17:34:20","slug":"modulos","status":"publish","type":"page","link":"https:\/\/connectoway.com.br\/solar\/produtos\/modulos\/","title":{"rendered":"M\u00f3dulos"},"content":{"rendered":"<p><span style=\"font-weight: 400;\">M\u00f3dulos fotovoltaicos ou pain\u00e9is solares s\u00e3o os equipamentos utilizados para a capta\u00e7\u00e3o da luz do sol. \u00c9 composto de c\u00e9lulas solares feitas por um material semicondutor que por sua vez tem o papel de captar a radia\u00e7\u00e3o solar e convert\u00ea-la em energia el\u00e9trica.<\/span><\/p>\n<p><span style=\"font-weight: 400;\">Para uma gera\u00e7\u00e3o de energia eficiente e um investimento seguro, trabalhamos com as melhores marcas do mercado.<\/span><\/p>\n","protected":false},"excerpt":{"rendered":"<p>M\u00f3dulos fotovoltaicos ou pain\u00e9is solares s\u00e3o os equipamentos utilizados para a capta\u00e7\u00e3o da luz do sol. \u00c9 composto de c\u00e9lulas solares feitas por um material semicondutor que por sua vez tem o papel de captar a radia\u00e7\u00e3o solar e convert\u00ea-la em energia el\u00e9trica. Para uma gera\u00e7\u00e3o de energia eficiente e um investimento seguro, trabalhamos com [&hellip;]<\/p>\n","protected":false},"author":1,"featured_media":0,"parent":13,"menu_order":2,"comment_status":"closed","ping_status":"closed","template":"","meta":{"inline_featured_image":false,"footnotes":""},"class_list":["post-30","page","type-page","status-publish","hentry"],"acf":[],"yoast_head":"<!-- This site is optimized with the Yoast SEO plugin v21.2 - https:\/\/yoast.com\/wordpress\/plugins\/seo\/ -->\n<title>M\u00f3dulos - Connectoway Solar<\/title>\n<meta name=\"robots\" content=\"index, follow, max-snippet:-1, max-image-preview:large, max-video-preview:-1\" \/>\n<link rel=\"canonical\" href=\"https:\/\/connectoway.com.br\/solar\/produtos\/modulos\/\" \/>\n<meta property=\"og:locale\" content=\"pt_BR\" \/>\n<meta property=\"og:type\" content=\"article\" \/>\n<meta property=\"og:title\" content=\"M\u00f3dulos - Connectoway Solar\" \/>\n<meta property=\"og:description\" content=\"M\u00f3dulos fotovoltaicos ou pain\u00e9is solares s\u00e3o os equipamentos utilizados para a capta\u00e7\u00e3o da luz do sol. \u00c9 composto de c\u00e9lulas solares feitas por um material semicondutor que por sua vez tem o papel de captar a radia\u00e7\u00e3o solar e convert\u00ea-la em energia el\u00e9trica. Para uma gera\u00e7\u00e3o de energia eficiente e um investimento seguro, trabalhamos com [&hellip;]\" \/>\n<meta property=\"og:url\" content=\"https:\/\/connectoway.com.br\/solar\/produtos\/modulos\/\" \/>\n<meta property=\"og:site_name\" content=\"Connectoway Solar\" \/>\n<meta property=\"article:modified_time\" content=\"2024-01-16T17:34:20+00:00\" \/>\n<meta name=\"twitter:card\" content=\"summary_large_image\" \/>\n<meta name=\"twitter:label1\" content=\"Est. tempo de leitura\" \/>\n\t<meta name=\"twitter:data1\" content=\"1 minuto\" \/>\n<script type=\"application\/ld+json\" class=\"yoast-schema-graph\">{\"@context\":\"https:\/\/schema.org\",\"@graph\":[{\"@type\":\"WebPage\",\"@id\":\"https:\/\/connectoway.com.br\/solar\/produtos\/modulos\/\",\"url\":\"https:\/\/connectoway.com.br\/solar\/produtos\/modulos\/\",\"name\":\"M\u00f3dulos - Connectoway Solar\",\"isPartOf\":{\"@id\":\"https:\/\/connectoway.com.br\/solar\/#website\"},\"datePublished\":\"2023-07-11T01:12:22+00:00\",\"dateModified\":\"2024-01-16T17:34:20+00:00\",\"breadcrumb\":{\"@id\":\"https:\/\/connectoway.com.br\/solar\/produtos\/modulos\/#breadcrumb\"},\"inLanguage\":\"pt-BR\",\"potentialAction\":[{\"@type\":\"ReadAction\",\"target\":[\"https:\/\/connectoway.com.br\/solar\/produtos\/modulos\/\"]}]},{\"@type\":\"BreadcrumbList\",\"@id\":\"https:\/\/connectoway.com.br\/solar\/produtos\/modulos\/#breadcrumb\",\"itemListElement\":[{\"@type\":\"ListItem\",\"position\":1,\"name\":\"In\u00edcio\",\"item\":\"https:\/\/connectoway.com.br\/solar\/\"},{\"@type\":\"ListItem\",\"position\":2,\"name\":\"Produtos\",\"item\":\"https:\/\/connectoway.com.br\/solar\/produtos\/\"},{\"@type\":\"ListItem\",\"position\":3,\"name\":\"M\u00f3dulos\"}]},{\"@type\":\"WebSite\",\"@id\":\"https:\/\/connectoway.com.br\/solar\/#website\",\"url\":\"https:\/\/connectoway.com.br\/solar\/\",\"name\":\"Connectoway Solar\",\"description\":\"\",\"publisher\":{\"@id\":\"https:\/\/connectoway.com.br\/solar\/#organization\"},\"potentialAction\":[{\"@type\":\"SearchAction\",\"target\":{\"@type\":\"EntryPoint\",\"urlTemplate\":\"https:\/\/connectoway.com.br\/solar\/?s={search_term_string}\"},\"query-input\":\"required name=search_term_string\"}],\"inLanguage\":\"pt-BR\"},{\"@type\":\"Organization\",\"@id\":\"https:\/\/connectoway.com.br\/solar\/#organization\",\"name\":\"Connectoway Solar\",\"url\":\"https:\/\/connectoway.com.br\/solar\/\",\"logo\":{\"@type\":\"ImageObject\",\"inLanguage\":\"pt-BR\",\"@id\":\"https:\/\/connectoway.com.br\/solar\/#\/schema\/logo\/image\/\",\"url\":\"https:\/\/connectoway.com.br\/solar\/wp-content\/uploads\/2023\/09\/connectoway_solar_vertical.png\",\"contentUrl\":\"https:\/\/connectoway.com.br\/solar\/wp-content\/uploads\/2023\/09\/connectoway_solar_vertical.png\",\"width\":1080,\"height\":1080,\"caption\":\"Connectoway Solar\"},\"image\":{\"@id\":\"https:\/\/connectoway.com.br\/solar\/#\/schema\/logo\/image\/\"},\"sameAs\":[\"https:\/\/www.instagram.com\/connectowaysolar\/\"]}]}<\/script>\n<!-- \/ Yoast SEO plugin. -->","yoast_head_json":{"title":"M\u00f3dulos - Connectoway Solar","robots":{"index":"index","follow":"follow","max-snippet":"max-snippet:-1","max-image-preview":"max-image-preview:large","max-video-preview":"max-video-preview:-1"},"canonical":"https:\/\/connectoway.com.br\/solar\/produtos\/modulos\/","og_locale":"pt_BR","og_type":"article","og_title":"M\u00f3dulos - Connectoway Solar","og_description":"M\u00f3dulos fotovoltaicos ou pain\u00e9is solares s\u00e3o os equipamentos utilizados para a capta\u00e7\u00e3o da luz do sol. \u00c9 composto de c\u00e9lulas solares feitas por um material semicondutor que por sua vez tem o papel de captar a radia\u00e7\u00e3o solar e convert\u00ea-la em energia el\u00e9trica. Para uma gera\u00e7\u00e3o de energia eficiente e um investimento seguro, trabalhamos com [&hellip;]","og_url":"https:\/\/connectoway.com.br\/solar\/produtos\/modulos\/","og_site_name":"Connectoway Solar","article_modified_time":"2024-01-16T17:34:20+00:00","twitter_card":"summary_large_image","twitter_misc":{"Est. tempo de leitura":"1 minuto"},"schema":{"@context":"https:\/\/schema.org","@graph":[{"@type":"WebPage","@id":"https:\/\/connectoway.com.br\/solar\/produtos\/modulos\/","url":"https:\/\/connectoway.com.br\/solar\/produtos\/modulos\/","name":"M\u00f3dulos - Connectoway Solar","isPartOf":{"@id":"https:\/\/connectoway.com.br\/solar\/#website"},"datePublished":"2023-07-11T01:12:22+00:00","dateModified":"2024-01-16T17:34:20+00:00","breadcrumb":{"@id":"https:\/\/connectoway.com.br\/solar\/produtos\/modulos\/#breadcrumb"},"inLanguage":"pt-BR","potentialAction":[{"@type":"ReadAction","target":["https:\/\/connectoway.com.br\/solar\/produtos\/modulos\/"]}]},{"@type":"BreadcrumbList","@id":"https:\/\/connectoway.com.br\/solar\/produtos\/modulos\/#breadcrumb","itemListElement":[{"@type":"ListItem","position":1,"name":"In\u00edcio","item":"https:\/\/connectoway.com.br\/solar\/"},{"@type":"ListItem","position":2,"name":"Produtos","item":"https:\/\/connectoway.com.br\/solar\/produtos\/"},{"@type":"ListItem","position":3,"name":"M\u00f3dulos"}]},{"@type":"WebSite","@id":"https:\/\/connectoway.com.br\/solar\/#website","url":"https:\/\/connectoway.com.br\/solar\/","name":"Connectoway Solar","description":"","publisher":{"@id":"https:\/\/connectoway.com.br\/solar\/#organization"},"potentialAction":[{"@type":"SearchAction","target":{"@type":"EntryPoint","urlTemplate":"https:\/\/connectoway.com.br\/solar\/?s={search_term_string}"},"query-input":"required name=search_term_string"}],"inLanguage":"pt-BR"},{"@type":"Organization","@id":"https:\/\/connectoway.com.br\/solar\/#organization","name":"Connectoway Solar","url":"https:\/\/connectoway.com.br\/solar\/","logo":{"@type":"ImageObject","inLanguage":"pt-BR","@id":"https:\/\/connectoway.com.br\/solar\/#\/schema\/logo\/image\/","url":"https:\/\/connectoway.com.br\/solar\/wp-content\/uploads\/2023\/09\/connectoway_solar_vertical.png","contentUrl":"https:\/\/connectoway.com.br\/solar\/wp-content\/uploads\/2023\/09\/connectoway_solar_vertical.png","width":1080,"height":1080,"caption":"Connectoway Solar"},"image":{"@id":"https:\/\/connectoway.com.br\/solar\/#\/schema\/logo\/image\/"},"sameAs":["https:\/\/www.instagram.com\/connectowaysolar\/"]}]}},"_links":{"self":[{"href":"https:\/\/connectoway.com.br\/solar\/wp-json\/wp\/v2\/pages\/30","targetHints":{"allow":["GET"]}}],"collection":[{"href":"https:\/\/connectoway.com.br\/solar\/wp-json\/wp\/v2\/pages"}],"about":[{"href":"https:\/\/connectoway.com.br\/solar\/wp-json\/wp\/v2\/types\/page"}],"author":[{"embeddable":true,"href":"https:\/\/connectoway.com.br\/solar\/wp-json\/wp\/v2\/users\/1"}],"replies":[{"embeddable":true,"href":"https:\/\/connectoway.com.br\/solar\/wp-json\/wp\/v2\/comments?post=30"}],"version-history":[{"count":8,"href":"https:\/\/connectoway.com.br\/solar\/wp-json\/wp\/v2\/pages\/30\/revisions"}],"predecessor-version":[{"id":350,"href":"https:\/\/connectoway.com.br\/solar\/wp-json\/wp\/v2\/pages\/30\/revisions\/350"}],"up":[{"embeddable":true,"href":"https:\/\/connectoway.com.br\/solar\/wp-json\/wp\/v2\/pages\/13"}],"wp:attachment":[{"href":"https:\/\/connectoway.com.br\/solar\/wp-json\/wp\/v2\/media?parent=30"}],"curies":[{"name":"wp","href":"https:\/\/api.w.org\/{rel}","templated":true}]}}