{"id":28,"date":"2023-07-10T22:11:48","date_gmt":"2023-07-11T01:11:48","guid":{"rendered":"http:\/\/connectoway.com.br\/solar\/?page_id=28"},"modified":"2025-07-10T21:50:43","modified_gmt":"2025-07-11T00:50:43","slug":"inversores","status":"publish","type":"page","link":"https:\/\/connectoway.com.br\/solar\/produtos\/inversores\/","title":{"rendered":"Inversores"},"content":{"rendered":"<p><span style=\"font-weight: 400;\">Inversores fotovoltaicos t\u00eam o papel de converter a energia gerada pelas c\u00e9lulas dos m\u00f3dulos fotovoltaicos de corrente cont\u00ednua (CC) em corrente alternada (CA), possibilitando a utiliza\u00e7\u00e3o da energia el\u00e9trica, al\u00e9m de garantir a seguran\u00e7a do sistema el\u00e9trico.<\/span><\/p>\n<p>E n\u00f3s da Connectoway Solar decidimos por sempre entregar o que h\u00e1 de melhor no mercado.<\/p>\n<p>Somos distribuidores oficiais da Huawei para linhas de inversores residenciais, comerciais e backup box.<br \/>\n<img loading=\"lazy\" decoding=\"async\" class=\"\" src=\"https:\/\/www.revoenergia.com.br\/images\/tecnologia-lider-no-mundo.jpg\" width=\"898\" height=\"764\" \/><\/p>\n<p>E com a crescente procura por microinversores, fechamos uma parceria com a HYXiPOWER\u00a0 e tamb\u00e9m somos seus distribuidores oficiais no Brasil.<br \/>\n<img decoding=\"async\" src=\"https:\/\/solwel.ca\/wp-content\/uploads\/2025\/01\/246.jpg\" \/><\/p>\n<p><span style=\"font-weight: 400;\">Este equipamento pode ser <\/span><i><span style=\"font-weight: 400;\">off grid ou on grid<\/span><\/i><span style=\"font-weight: 400;\">, ou seja, sistemas fotovoltaicos que funcionam respectivamente de forma isolada ou de forma integrada \u00e0 rede p\u00fablica de distribui\u00e7\u00e3o.\u00a0<\/span><\/p>\n<p><span style=\"font-weight: 400;\">Na Connectoway Solar, voc\u00ea encontra diferentes tipos de inversores para atender as mais diversas necessidades, como projetos residenciais, comerciais ou grandes usinas.<\/span><span style=\"font-weight: 400;\">\u00a0<\/span><\/p>\n<p><span style=\"font-weight: 400;\">Para uma gera\u00e7\u00e3o de energia eficiente e um investimento seguro, trabalhamos com as melhores marcas do mercado.<\/span><\/p>\n","protected":false},"excerpt":{"rendered":"<p>Inversores fotovoltaicos t\u00eam o papel de converter a energia gerada pelas c\u00e9lulas dos m\u00f3dulos fotovoltaicos de corrente cont\u00ednua (CC) em corrente alternada (CA), possibilitando a utiliza\u00e7\u00e3o da energia el\u00e9trica, al\u00e9m de garantir a seguran\u00e7a do sistema el\u00e9trico. E n\u00f3s da Connectoway Solar decidimos por sempre entregar o que h\u00e1 de melhor no mercado. Somos distribuidores [&hellip;]<\/p>\n","protected":false},"author":1,"featured_media":0,"parent":13,"menu_order":1,"comment_status":"closed","ping_status":"closed","template":"","meta":{"inline_featured_image":false,"footnotes":""},"class_list":["post-28","page","type-page","status-publish","hentry"],"acf":[],"yoast_head":"<!-- This site is optimized with the Yoast SEO plugin v21.2 - https:\/\/yoast.com\/wordpress\/plugins\/seo\/ -->\n<title>Inversores - Connectoway Solar<\/title>\n<meta name=\"description\" content=\"Na Connectoway Solar, voc\u00ea encontra os melhores inversores do mercado. Trabalhamos com as marcas Huawei, Kehua, Sungrow e Goodwe.\" \/>\n<meta name=\"robots\" content=\"index, follow, max-snippet:-1, max-image-preview:large, max-video-preview:-1\" \/>\n<link rel=\"canonical\" href=\"https:\/\/connectoway.com.br\/solar\/produtos\/inversores\/\" \/>\n<meta property=\"og:locale\" content=\"pt_BR\" \/>\n<meta property=\"og:type\" content=\"article\" \/>\n<meta property=\"og:title\" content=\"Inversores - Connectoway Solar\" \/>\n<meta property=\"og:description\" content=\"Na Connectoway Solar, voc\u00ea encontra os melhores inversores do mercado. Trabalhamos com as marcas Huawei, Kehua, Sungrow e Goodwe.\" \/>\n<meta property=\"og:url\" content=\"https:\/\/connectoway.com.br\/solar\/produtos\/inversores\/\" \/>\n<meta property=\"og:site_name\" content=\"Connectoway Solar\" \/>\n<meta property=\"article:modified_time\" content=\"2025-07-11T00:50:43+00:00\" \/>\n<meta property=\"og:image\" content=\"https:\/\/www.revoenergia.com.br\/images\/tecnologia-lider-no-mundo.jpg\" \/>\n<meta name=\"twitter:card\" content=\"summary_large_image\" \/>\n<meta name=\"twitter:label1\" content=\"Est. tempo de leitura\" \/>\n\t<meta name=\"twitter:data1\" content=\"2 minutos\" \/>\n<script type=\"application\/ld+json\" class=\"yoast-schema-graph\">{\"@context\":\"https:\/\/schema.org\",\"@graph\":[{\"@type\":\"WebPage\",\"@id\":\"https:\/\/connectoway.com.br\/solar\/produtos\/inversores\/\",\"url\":\"https:\/\/connectoway.com.br\/solar\/produtos\/inversores\/\",\"name\":\"Inversores - Connectoway Solar\",\"isPartOf\":{\"@id\":\"https:\/\/connectoway.com.br\/solar\/#website\"},\"datePublished\":\"2023-07-11T01:11:48+00:00\",\"dateModified\":\"2025-07-11T00:50:43+00:00\",\"description\":\"Na Connectoway Solar, voc\u00ea encontra os melhores inversores do mercado. Trabalhamos com as marcas Huawei, Kehua, Sungrow e Goodwe.\",\"breadcrumb\":{\"@id\":\"https:\/\/connectoway.com.br\/solar\/produtos\/inversores\/#breadcrumb\"},\"inLanguage\":\"pt-BR\",\"potentialAction\":[{\"@type\":\"ReadAction\",\"target\":[\"https:\/\/connectoway.com.br\/solar\/produtos\/inversores\/\"]}]},{\"@type\":\"BreadcrumbList\",\"@id\":\"https:\/\/connectoway.com.br\/solar\/produtos\/inversores\/#breadcrumb\",\"itemListElement\":[{\"@type\":\"ListItem\",\"position\":1,\"name\":\"In\u00edcio\",\"item\":\"https:\/\/connectoway.com.br\/solar\/\"},{\"@type\":\"ListItem\",\"position\":2,\"name\":\"Produtos\",\"item\":\"https:\/\/connectoway.com.br\/solar\/produtos\/\"},{\"@type\":\"ListItem\",\"position\":3,\"name\":\"Inversores\"}]},{\"@type\":\"WebSite\",\"@id\":\"https:\/\/connectoway.com.br\/solar\/#website\",\"url\":\"https:\/\/connectoway.com.br\/solar\/\",\"name\":\"Connectoway Solar\",\"description\":\"\",\"publisher\":{\"@id\":\"https:\/\/connectoway.com.br\/solar\/#organization\"},\"potentialAction\":[{\"@type\":\"SearchAction\",\"target\":{\"@type\":\"EntryPoint\",\"urlTemplate\":\"https:\/\/connectoway.com.br\/solar\/?s={search_term_string}\"},\"query-input\":\"required name=search_term_string\"}],\"inLanguage\":\"pt-BR\"},{\"@type\":\"Organization\",\"@id\":\"https:\/\/connectoway.com.br\/solar\/#organization\",\"name\":\"Connectoway Solar\",\"url\":\"https:\/\/connectoway.com.br\/solar\/\",\"logo\":{\"@type\":\"ImageObject\",\"inLanguage\":\"pt-BR\",\"@id\":\"https:\/\/connectoway.com.br\/solar\/#\/schema\/logo\/image\/\",\"url\":\"https:\/\/connectoway.com.br\/solar\/wp-content\/uploads\/2023\/09\/connectoway_solar_vertical.png\",\"contentUrl\":\"https:\/\/connectoway.com.br\/solar\/wp-content\/uploads\/2023\/09\/connectoway_solar_vertical.png\",\"width\":1080,\"height\":1080,\"caption\":\"Connectoway Solar\"},\"image\":{\"@id\":\"https:\/\/connectoway.com.br\/solar\/#\/schema\/logo\/image\/\"},\"sameAs\":[\"https:\/\/www.instagram.com\/connectowaysolar\/\"]}]}<\/script>\n<!-- \/ Yoast SEO plugin. -->","yoast_head_json":{"title":"Inversores - Connectoway Solar","description":"Na Connectoway Solar, voc\u00ea encontra os melhores inversores do mercado. Trabalhamos com as marcas Huawei, Kehua, Sungrow e Goodwe.","robots":{"index":"index","follow":"follow","max-snippet":"max-snippet:-1","max-image-preview":"max-image-preview:large","max-video-preview":"max-video-preview:-1"},"canonical":"https:\/\/connectoway.com.br\/solar\/produtos\/inversores\/","og_locale":"pt_BR","og_type":"article","og_title":"Inversores - Connectoway Solar","og_description":"Na Connectoway Solar, voc\u00ea encontra os melhores inversores do mercado. Trabalhamos com as marcas Huawei, Kehua, Sungrow e Goodwe.","og_url":"https:\/\/connectoway.com.br\/solar\/produtos\/inversores\/","og_site_name":"Connectoway Solar","article_modified_time":"2025-07-11T00:50:43+00:00","og_image":[{"url":"https:\/\/www.revoenergia.com.br\/images\/tecnologia-lider-no-mundo.jpg"}],"twitter_card":"summary_large_image","twitter_misc":{"Est. tempo de leitura":"2 minutos"},"schema":{"@context":"https:\/\/schema.org","@graph":[{"@type":"WebPage","@id":"https:\/\/connectoway.com.br\/solar\/produtos\/inversores\/","url":"https:\/\/connectoway.com.br\/solar\/produtos\/inversores\/","name":"Inversores - Connectoway Solar","isPartOf":{"@id":"https:\/\/connectoway.com.br\/solar\/#website"},"datePublished":"2023-07-11T01:11:48+00:00","dateModified":"2025-07-11T00:50:43+00:00","description":"Na Connectoway Solar, voc\u00ea encontra os melhores inversores do mercado. Trabalhamos com as marcas Huawei, Kehua, Sungrow e Goodwe.","breadcrumb":{"@id":"https:\/\/connectoway.com.br\/solar\/produtos\/inversores\/#breadcrumb"},"inLanguage":"pt-BR","potentialAction":[{"@type":"ReadAction","target":["https:\/\/connectoway.com.br\/solar\/produtos\/inversores\/"]}]},{"@type":"BreadcrumbList","@id":"https:\/\/connectoway.com.br\/solar\/produtos\/inversores\/#breadcrumb","itemListElement":[{"@type":"ListItem","position":1,"name":"In\u00edcio","item":"https:\/\/connectoway.com.br\/solar\/"},{"@type":"ListItem","position":2,"name":"Produtos","item":"https:\/\/connectoway.com.br\/solar\/produtos\/"},{"@type":"ListItem","position":3,"name":"Inversores"}]},{"@type":"WebSite","@id":"https:\/\/connectoway.com.br\/solar\/#website","url":"https:\/\/connectoway.com.br\/solar\/","name":"Connectoway Solar","description":"","publisher":{"@id":"https:\/\/connectoway.com.br\/solar\/#organization"},"potentialAction":[{"@type":"SearchAction","target":{"@type":"EntryPoint","urlTemplate":"https:\/\/connectoway.com.br\/solar\/?s={search_term_string}"},"query-input":"required name=search_term_string"}],"inLanguage":"pt-BR"},{"@type":"Organization","@id":"https:\/\/connectoway.com.br\/solar\/#organization","name":"Connectoway Solar","url":"https:\/\/connectoway.com.br\/solar\/","logo":{"@type":"ImageObject","inLanguage":"pt-BR","@id":"https:\/\/connectoway.com.br\/solar\/#\/schema\/logo\/image\/","url":"https:\/\/connectoway.com.br\/solar\/wp-content\/uploads\/2023\/09\/connectoway_solar_vertical.png","contentUrl":"https:\/\/connectoway.com.br\/solar\/wp-content\/uploads\/2023\/09\/connectoway_solar_vertical.png","width":1080,"height":1080,"caption":"Connectoway Solar"},"image":{"@id":"https:\/\/connectoway.com.br\/solar\/#\/schema\/logo\/image\/"},"sameAs":["https:\/\/www.instagram.com\/connectowaysolar\/"]}]}},"_links":{"self":[{"href":"https:\/\/connectoway.com.br\/solar\/wp-json\/wp\/v2\/pages\/28","targetHints":{"allow":["GET"]}}],"collection":[{"href":"https:\/\/connectoway.com.br\/solar\/wp-json\/wp\/v2\/pages"}],"about":[{"href":"https:\/\/connectoway.com.br\/solar\/wp-json\/wp\/v2\/types\/page"}],"author":[{"embeddable":true,"href":"https:\/\/connectoway.com.br\/solar\/wp-json\/wp\/v2\/users\/1"}],"replies":[{"embeddable":true,"href":"https:\/\/connectoway.com.br\/solar\/wp-json\/wp\/v2\/comments?post=28"}],"version-history":[{"count":11,"href":"https:\/\/connectoway.com.br\/solar\/wp-json\/wp\/v2\/pages\/28\/revisions"}],"predecessor-version":[{"id":409,"href":"https:\/\/connectoway.com.br\/solar\/wp-json\/wp\/v2\/pages\/28\/revisions\/409"}],"up":[{"embeddable":true,"href":"https:\/\/connectoway.com.br\/solar\/wp-json\/wp\/v2\/pages\/13"}],"wp:attachment":[{"href":"https:\/\/connectoway.com.br\/solar\/wp-json\/wp\/v2\/media?parent=28"}],"curies":[{"name":"wp","href":"https:\/\/api.w.org\/{rel}","templated":true}]}}